{"id":11914,"date":"2022-04-19T16:13:40","date_gmt":"2022-04-19T16:13:40","guid":{"rendered":"https:\/\/sunsunlove.com\/?page_id=11914"},"modified":"2022-04-19T16:18:29","modified_gmt":"2022-04-19T16:18:29","slug":"solsticio-verano-introduction","status":"publish","type":"page","link":"https:\/\/sunsunlove.com\/en\/solsticio-verano-introduction\/","title":{"rendered":"Summer Solstice Introduction"},"content":{"rendered":"<div class=\"wpb-content-wrapper\"><p>[vc_section full_width=&#8221;stretch_row_content&#8221; css=&#8221;.vc_custom_1650384879015{margin-top: -65px !important;}&#8221;][vc_row full_width=&#8221;stretch_row_content&#8221; css=&#8221;.vc_custom_1558081109749{margin-right: 0px !important;margin-left: 0px !important;background-color: #ffd66f !important;}&#8221;][vc_column][vc_empty_space][vc_column_text]<\/p>\n<h1 class=\"welcome-h2\" style=\"text-align: center;\"><span style=\"color: #ffffff;\">This Summer Solstice of 2022, we celebrate SUNSUNLOVE YOGA SOLSTICE FEST in Mas Girc\u00f3s, Besal\u00fa<\/span><\/h1>\n<p>[\/vc_column_text][vc_empty_space][\/vc_column][\/vc_row][vc_row content_placement=&#8221;bottom&#8221; parallax=&#8221;content-moving&#8221; parallax_image=&#8221;323&#8243; css=&#8221;.vc_custom_1517839512625{margin-right: 0px !important;margin-left: 0px !important;background-position: center;background-repeat: no-repeat;background-size:cover;}&#8221;][vc_column][vc_column_text]<\/p>\n<h1><\/h1>\n<h1 style=\"text-align: center;\"><span style=\"color: #333333;\">Sun Sun Love Yoga Solstice Fest is a celebration of life following the cycles of the Sun<br \/>\n<\/span><\/h1>\n<p>[\/vc_column_text][vc_column_text]<\/p>\n<h2 class=\"what-h1\" style=\"text-align: center;\"><span style=\"color: #ffcc00;\">In <strong>SUNSUNLOVE <\/strong>we follow the cycles of the <strong>Sun<\/strong>\u00a0and <strong>Nature<\/strong>\u00a0celebrating <strong> the solstices and the equinoxes.<\/strong>.. It is a space where we are able to <strong>connect to our true essence<\/strong> in harmony with nature, and <strong>celebrate life <\/strong>y sharing in union and joy<\/span><\/h2>\n<p>[\/vc_column_text][vc_row_inner css=&#8221;.vc_custom_1520333463267{padding-right: 30px !important;padding-left: 30px !important;}&#8221;][vc_column_inner width=&#8221;1\/6&#8243;][vc_single_image image=&#8221;316&#8243; img_size=&#8221;medium&#8221; alignment=&#8221;center&#8221; onclick=&#8221;custom_link&#8221; link=&#8221;http:%2F%2Fsunsunlove.com%2F%23practice-section|&#8221;][vc_column_text]<\/p>\n<p style=\"text-align: center;\"><span style=\"font-size: 24pt; color: #333333;\">PRACTICE<\/span><\/p>\n<p>[\/vc_column_text][\/vc_column_inner][vc_column_inner width=&#8221;1\/6&#8243;][vc_single_image image=&#8221;314&#8243; img_size=&#8221;medium&#8221; alignment=&#8221;center&#8221; onclick=&#8221;custom_link&#8221; link=&#8221;http:%2F%2Fsunsunlove.com%2F%23meditate-section|&#8221;][vc_column_text]<\/p>\n<p style=\"text-align: center;\"><span style=\"font-size: 24pt; color: #333333;\">MEDITATE<\/span><\/p>\n<p>[\/vc_column_text][\/vc_column_inner][vc_column_inner width=&#8221;1\/6&#8243;][vc_single_image image=&#8221;312&#8243; img_size=&#8221;medium&#8221; alignment=&#8221;center&#8221; onclick=&#8221;custom_link&#8221; link=&#8221;http:%2F%2Fsunsunlove.com%2F%23sing%26amp%3Bdance-section|&#8221;][vc_column_text]<\/p>\n<p style=\"text-align: center;\"><span style=\"font-size: 24pt;\"><span style=\"color: #333333;\">SING &amp; DANCE<\/span><br \/>\n<\/span><\/p>\n<p>[\/vc_column_text][\/vc_column_inner][vc_column_inner width=&#8221;1\/6&#8243;][vc_single_image image=&#8221;308&#8243; img_size=&#8221;medium&#8221; alignment=&#8221;center&#8221; onclick=&#8221;custom_link&#8221; link=&#8221;http:%2F%2Fsunsunlove.com%2F%23heal-section|&#8221;][vc_column_text]<\/p>\n<p style=\"text-align: center;\"><span style=\"font-size: 24pt; color: #333333;\">HEAL<\/span><\/p>\n<p>[\/vc_column_text][\/vc_column_inner][vc_column_inner width=&#8221;1\/6&#8243;][vc_single_image image=&#8221;318&#8243; img_size=&#8221;medium&#8221; alignment=&#8221;center&#8221; onclick=&#8221;custom_link&#8221; link=&#8221;http:%2F%2Fsunsunlove.com%2F%23learn-section|&#8221;][vc_column_text]<\/p>\n<p style=\"text-align: center;\"><span style=\"font-size: 24pt; color: #333333;\">LEARN<\/span><\/p>\n<p>[\/vc_column_text][\/vc_column_inner][vc_column_inner width=&#8221;1\/6&#8243;][vc_single_image image=&#8221;317&#8243; img_size=&#8221;medium&#8221; alignment=&#8221;center&#8221; onclick=&#8221;custom_link&#8221; link=&#8221;http:%2F%2Fsunsunlove.com%2F%23share-section|&#8221;][vc_column_text]<\/p>\n<p style=\"text-align: center;\"><span style=\"font-size: 24pt; color: #333333;\">SHARE<\/span><\/p>\n<p>[\/vc_column_text][\/vc_column_inner][\/vc_row_inner][\/vc_column][\/vc_row][\/vc_section][vc_row css=&#8221;.vc_custom_1522147159656{margin-right: 0px !important;margin-bottom: -10px !important;margin-left: 0px !important;background-color: #ffffff !important;}&#8221;][vc_column][vc_empty_space][vc_empty_space][vc_column_text]<\/p>\n<h3 class=\"new-tickets-h1\" style=\"text-align: center;\">SUNSUNLOVE SUMMER SOLSTICE<\/h3>\n<h3 class=\"new-tickets-h2\" style=\"text-align: center;\">Tickets <strong>available now<br \/>\n<\/strong><\/h3>\n<p>[\/vc_column_text][vc_btn title=&#8221;Ticket Reservation&#8221; shape=&#8221;round&#8221; color=&#8221;pink&#8221; align=&#8221;center&#8221; i_icon_fontawesome=&#8221;fa fa-shopping-cart&#8221; add_icon=&#8221;true&#8221; link=&#8221;url:https%3A%2F%2Fsunsunlove.com%2Fen%2Ftickets-general%2F|title:Choose%20your%20preferences%20and%20do%20your%20reservations%20here||&#8221;][vc_empty_space][\/vc_column][\/vc_row][vc_section full_width=&#8221;stretch_row_content&#8221; parallax=&#8221;content-moving&#8221; el_id=&#8221;practice-section&#8221; css=&#8221;.vc_custom_1522144047440{padding-bottom: -65px !important;background-position: center !important;background-repeat: no-repeat !important;background-size: cover !important;}&#8221;][vc_row full_width=&#8221;stretch_row_content&#8221; parallax=&#8221;content-moving&#8221; css=&#8221;.vc_custom_1648228413580{margin-top: 0px !important;margin-bottom: 0px !important;border-top-width: 0px !important;border-right-width: 0px !important;border-bottom-width: 0px !important;border-left-width: 0px !important;padding-top: 100px !important;padding-bottom: 100px !important;background-image: url(https:\/\/sunsunlove.com\/wp-content\/uploads\/2022\/03\/Praticar.jpg?id=11324) !important;background-position: center;background-repeat: no-repeat !important;background-size: cover !important;}&#8221;][vc_column width=&#8221;1\/2&#8243; css=&#8221;.vc_custom_1518432505681{margin-top: 0px !important;margin-right: 0px !important;margin-bottom: 0px !important;margin-left: 0px !important;border-top-width: 0px !important;border-right-width: 0px !important;border-bottom-width: 0px !important;border-left-width: 0px !important;padding-top: 0px !important;padding-right: 50px !important;padding-bottom: 0px !important;padding-left: 50px !important;}&#8221;][vc_row_inner][vc_column_inner][vc_single_image image=&#8221;316&#8243; alignment=&#8221;center&#8221; css=&#8221;.vc_custom_1518432799394{padding-top: 10px !important;padding-right: 10px !important;padding-bottom: 10px !important;padding-left: 10px !important;}&#8221;][\/vc_column_inner][\/vc_row_inner][vc_custom_heading text=&#8221;PRACTICE&#8221; font_container=&#8221;tag:h1|text_align:center|color:%23ffffff&#8221; use_theme_fonts=&#8221;yes&#8221; css=&#8221;.vc_custom_1650384994683{padding-left: 10px !important;}&#8221;][vc_separator][vc_column_text]<\/p>\n<div class=\"wpb_text_column wpb_content_element \">\n<div class=\"wpb_wrapper\">\n<p style=\"text-align: center;\"><span style=\"color: #ffffff;\">Kundalini yoga is the main practice in the SUNSUNLOVE festivals. Practicing kundalini yoga in depth raises the power to connect with nature and our true essence and to celebrate life by sharing in union and harmony.<\/span><\/p>\n<p style=\"text-align: center;\"><span style=\"color: #ffffff;\">Also you can practice other types of yoga to nourish your body, mind and spirit; Hatha yoga, Ashtanga yoga, Acroyoga, Yinyoga and others. As well as the multitude of incredible workshops where you can discover new tools or develop those which you already know.<\/span><\/p>\n<\/div>\n<\/div>\n<p style=\"text-align: center;\"><span style=\"color: #ffffff;\">Pero podr\u00e1s practicar otros tipos de yogas para nutrir tu cuerpo, tu mente y tu esp\u00edritu; hatha yoga, ashtanga yoga, acroyoga, yinyoga y otros. As\u00ed como multitud de talleres incre\u00edbles donde podr\u00e1s descubrir nuevas herramientas de desarrollo o disfrutar de las que ya conoces.<\/span><\/p>\n<p>[\/vc_column_text][\/vc_column][vc_column width=&#8221;1\/2&#8243;][\/vc_column][\/vc_row][vc_row full_width=&#8221;stretch_row_content&#8221; parallax=&#8221;content-moving&#8221; css=&#8221;.vc_custom_1648228435251{margin-top: 0px !important;margin-right: 0px !important;margin-bottom: -70px !important;margin-left: 0px !important;border-top-width: 0px !important;border-right-width: 0px !important;border-bottom-width: 0px !important;border-left-width: 0px !important;padding-top: 0px !important;padding-right: 0px !important;padding-bottom: 100px !important;padding-left: 0px !important;background-image: url(https:\/\/sunsunlove.com\/wp-content\/uploads\/2022\/03\/Meditar.jpg?id=11328) !important;background-position: center;background-repeat: no-repeat !important;background-size: cover !important;}&#8221; el_id=&#8221;meditation-section&#8221;][vc_column width=&#8221;1\/3&#8243;][\/vc_column][vc_column width=&#8221;2\/3&#8243; css=&#8221;.vc_custom_1518430732547{padding-right: 50px !important;padding-left: 50px !important;}&#8221;][vc_row_inner content_placement=&#8221;middle&#8221; css=&#8221;.vc_custom_1520854243642{background-position: center !important;background-repeat: no-repeat !important;background-size: cover !important;}&#8221;][vc_column_inner][vc_single_image image=&#8221;314&#8243; alignment=&#8221;center&#8221;][vc_custom_heading text=&#8221;MEDITATE&#8221; font_container=&#8221;tag:h1|text_align:center|color:%23ffffff&#8221; use_theme_fonts=&#8221;yes&#8221; css=&#8221;.vc_custom_1650385002406{padding-left: 10px !important;}&#8221;][\/vc_column_inner][\/vc_row_inner][vc_separator][vc_column_text]<\/p>\n<div class=\"wpb_text_column wpb_content_element \">\n<div class=\"wpb_wrapper\">\n<p style=\"text-align: center;\"><span style=\"color: #ffffff;\">Kundalini yoga is the main practice in the SUNSUNLOVE festivals.<\/span><\/p>\n<p style=\"text-align: center;\"><span style=\"color: #ffffff;\">Practicing kundalini yoga in depth raises the power to connect with nature and our true essence and to celebrate life by sharing in union and harmony.<\/span><\/p>\n<p style=\"text-align: center;\"><span style=\"color: #ffffff;\">Also you can practice other types of yoga to nourish your body, mind and spirit; Hatha yoga, Ashtanga yoga, Acroyoga, Yinyoga and others. As well as the multitude of incredible workshops where you can discover new tools or develop those which you already know.<\/span><\/p>\n<\/div>\n<\/div>\n<p>[\/vc_column_text][\/vc_column][\/vc_row][vc_column][\/vc_column][vc_column_text][\/vc_column_text][vc_column][\/vc_column][vc_column_text][\/vc_column_text][\/vc_section][vc_section full_width=&#8221;stretch_row&#8221; parallax=&#8221;content-moving&#8221; css=&#8221;.vc_custom_1522144770705{margin-bottom: 0px !important;padding-top: 0px !important;padding-bottom: 0px !important;background-image: url(http:\/\/sunsunlove.com\/wp2\/wp-content\/uploads\/2018\/02\/heal1.jpg?id=263) !important;background-position: center !important;background-repeat: no-repeat !important;background-size: cover !important;}&#8221; el_id=&#8221;sing&amp;dance-section&#8221;][vc_row full_width=&#8221;stretch_row_content&#8221; content_placement=&#8221;top&#8221; parallax=&#8221;content-moving&#8221; css=&#8221;.vc_custom_1648228455330{padding-top: 100px !important;padding-right: 50px !important;padding-bottom: 100px !important;padding-left: 50px !important;background-image: url(https:\/\/sunsunlove.com\/wp-content\/uploads\/2022\/03\/Cantar-y-bailar.jpg?id=11320) !important;background-position: center;background-repeat: no-repeat !important;background-size: cover !important;}&#8221;][vc_column width=&#8221;3\/4&#8243; css=&#8221;.vc_custom_1518432991244{margin-top: 0px !important;margin-right: 0px !important;margin-bottom: 0px !important;margin-left: 0px !important;border-top-width: 0px !important;border-right-width: 0px !important;border-bottom-width: 0px !important;border-left-width: 0px !important;padding-bottom: 0px !important;padding-left: 0px !important;}&#8221;][vc_row_inner][vc_column_inner][vc_single_image image=&#8221;312&#8243; alignment=&#8221;center&#8221;][vc_custom_heading text=&#8221;SING &amp; DANCE&#8221; font_container=&#8221;tag:h1|text_align:center|color:%23ffffff&#8221; use_theme_fonts=&#8221;yes&#8221; css=&#8221;.vc_custom_1650385012378{padding-left: 10px !important;}&#8221;][\/vc_column_inner][\/vc_row_inner][vc_separator][vc_column_text]<\/p>\n<div class=\"wpb_text_column wpb_content_element \">\n<div class=\"wpb_wrapper\">\n<p style=\"text-align: center;\"><span style=\"color: #ffffff;\">Through the body and the voice we can connect with our true essence.<\/span><\/p>\n<p style=\"text-align: center;\"><span style=\"color: #ffffff;\">The devotion and the repetition of mantras, Bhakti, can take you to silence, peace and ecstasy quickly. We sing in our festivals in the many scheduled Kirtans to dissolve ourselves, until we disappear!<\/span><\/p>\n<\/div>\n<\/div>\n<p>[\/vc_column_text][\/vc_column][vc_column width=&#8221;1\/4&#8243;][\/vc_column][\/vc_row][vc_row full_width=&#8221;stretch_row_content&#8221; content_placement=&#8221;top&#8221; parallax=&#8221;content-moving&#8221; css=&#8221;.vc_custom_1648228698661{margin-top: 0px !important;margin-right: 0px !important;margin-bottom: 0px !important;margin-left: 0px !important;border-top-width: 0px !important;border-right-width: 0px !important;border-bottom-width: 0px !important;border-left-width: 0px !important;padding-top: 50px !important;padding-right: 50px !important;padding-bottom: 100px !important;padding-left: 50px !important;background-image: url(https:\/\/sunsunlove.com\/wp-content\/uploads\/2022\/03\/Sanar.jpg?id=11326) !important;background-position: center;background-repeat: no-repeat !important;background-size: cover !important;}&#8221; el_id=&#8221;heal-section&#8221;][vc_column width=&#8221;1\/3&#8243;][\/vc_column][vc_column width=&#8221;2\/3&#8243;][vc_row_inner][vc_column_inner][vc_single_image image=&#8221;308&#8243; alignment=&#8221;center&#8221;][vc_custom_heading text=&#8221;HEAL&#8221; font_container=&#8221;tag:h1|text_align:center|color:%23ffffff&#8221; use_theme_fonts=&#8221;yes&#8221; css=&#8221;.vc_custom_1650385019052{padding-left: 10px !important;}&#8221;][\/vc_column_inner][\/vc_row_inner][vc_separator][vc_column_text]<\/p>\n<p style=\"text-align: center;\"><span style=\"color: #ffffff;\">SUNSUNLOVE is a healing space, a space to remember how wonderful each one of us is and how wonderful life is; ANOTHER WONDERFUL DAY is one of our cries of connection.<\/span><\/p>\n<p style=\"text-align: center;\"><span style=\"color: #ffffff;\">Yoga and meditation are healing tools in themselves, discreet and powerful. Another wonderful and powerful healing tool, THE TEMAZCAL, to reconnect with ourselves, with mother earth and our ancestors. There will almost always be TEMAZCAL ceremonies at our festivals. There will also be many workshops with different healing tools as well as therapists who can offer you massages and therapies.<\/span><\/p>\n<p>[\/vc_column_text][\/vc_column][\/vc_row][vc_column][\/vc_column][vc_column][\/vc_column][\/vc_section][vc_section full_width=&#8221;stretch_row&#8221; parallax=&#8221;content-moving&#8221; css=&#8221;.vc_custom_1522147286206{margin-top: -5px !important;padding-top: 0px !important;background-position: center !important;background-repeat: no-repeat !important;background-size: cover !important;}&#8221; el_id=&#8221;learn-section&#8221;][vc_row full_width=&#8221;stretch_row_content&#8221; parallax=&#8221;content-moving&#8221; css=&#8221;.vc_custom_1648228488438{padding-top: 100px !important;padding-right: 50px !important;padding-bottom: 100px !important;padding-left: 50px !important;background-image: url(https:\/\/sunsunlove.com\/wp-content\/uploads\/2022\/03\/Aprender.jpg?id=11318) !important;background-position: center;background-repeat: no-repeat !important;background-size: cover !important;}&#8221;][vc_column width=&#8221;3\/4&#8243; css=&#8221;.vc_custom_1518432991244{margin-top: 0px !important;margin-right: 0px !important;margin-bottom: 0px !important;margin-left: 0px !important;border-top-width: 0px !important;border-right-width: 0px !important;border-bottom-width: 0px !important;border-left-width: 0px !important;padding-bottom: 0px !important;padding-left: 0px !important;}&#8221;][vc_row_inner][vc_column_inner][vc_single_image image=&#8221;318&#8243; alignment=&#8221;center&#8221;][vc_custom_heading text=&#8221;LEARN&#8221; font_container=&#8221;tag:h1|text_align:center|color:%23ffffff&#8221; use_theme_fonts=&#8221;yes&#8221; link=&#8221;url:%23|title:HOLA|&#8221;][\/vc_column_inner][\/vc_row_inner][vc_separator][vc_column_text]<\/p>\n<div class=\"wpb_text_column wpb_content_element \">\n<div class=\"wpb_wrapper\">\n<p style=\"text-align: center;\"><span style=\"color: #ffffff;\">Every day is an opportunity to remember our true essence and a chance to share in union and joy.<\/span><\/p>\n<p style=\"text-align: center;\"><span style=\"color: #ffffff;\">To celebrate life! SUNSUNLOVE festivals are spaces where we remember the joy of sharing with family in wonderful places.<\/span><\/p>\n<\/div>\n<\/div>\n<p style=\"text-align: center;\"><span style=\"color: #ffffff;\">\u00a0<\/span><\/p>\n<p>[\/vc_column_text][\/vc_column][vc_column width=&#8221;1\/4&#8243;][\/vc_column][\/vc_row][vc_row full_width=&#8221;stretch_row_content&#8221; parallax=&#8221;content-moving&#8221; css=&#8221;.vc_custom_1648228547000{margin-top: 0px !important;margin-right: 0px !important;margin-bottom: 0px !important;margin-left: 0px !important;border-top-width: 0px !important;border-right-width: 0px !important;border-bottom-width: 0px !important;border-left-width: 0px !important;padding-top: 100px !important;padding-right: 50px !important;padding-bottom: 100px !important;padding-left: 50px !important;background-image: url(https:\/\/sunsunlove.com\/wp-content\/uploads\/2022\/03\/Compartir-1.jpg?id=11322) !important;background-position: center;background-repeat: no-repeat !important;background-size: cover !important;}&#8221; el_id=&#8221;share-section&#8221;][vc_column width=&#8221;1\/3&#8243;][\/vc_column][vc_column width=&#8221;2\/3&#8243;][vc_row_inner][vc_column_inner][vc_single_image image=&#8221;317&#8243; alignment=&#8221;center&#8221;][vc_custom_heading text=&#8221;SHARE&#8221; font_container=&#8221;tag:h1|text_align:center|color:%23ffffff&#8221; use_theme_fonts=&#8221;yes&#8221; link=&#8221;url:%23|title:HOLA|&#8221;][\/vc_column_inner][\/vc_row_inner][vc_separator][vc_column_text]<\/p>\n<div class=\"wpb_text_column wpb_content_element \">\n<div class=\"wpb_wrapper\">\n<p style=\"text-align: center;\"><span style=\"color: #ffffff;\">At Sunsunlove we like to share; sharing makes our personal journeys more enjoyable and rich. In Sunsunlove festivals we share the joy of living and celebrating life in every moment.<\/span><\/p>\n<p style=\"text-align: center;\"><span style=\"color: #ffffff;\">Come share with the Sunsunlove family!<\/span><\/p>\n<\/div>\n<\/div>\n<p>[\/vc_column_text][\/vc_column][\/vc_row][vc_column][\/vc_column][vc_column][\/vc_column][\/vc_section][vc_row full_width=&#8221;stretch_row_content&#8221; gap=&#8221;35&#8243; css=&#8221;.vc_custom_1637166190456{margin-top: -5px !important;margin-bottom: -80px !important;background-color: #ffd76f !important;}&#8221;][vc_column][vc_empty_space][\/vc_column][\/vc_row][vc_row full_width=&#8221;stretch_row_content&#8221; gap=&#8221;35&#8243; css=&#8221;.vc_custom_1637166265428{margin-top: -5px !important;background-color: #ffd76f !important;}&#8221;][vc_column width=&#8221;1\/2&#8243;][vc_column_text css=&#8221;.vc_custom_1650385068885{margin-right: 64px !important;margin-left: 64px !important;}&#8221;]<\/p>\n<div class=\"foodnature-col left w-col w-col-6 w-preserve-3d\">\n<h1 class=\"foodnature-h1\" style=\"text-align: center;\">DELICIOUS<\/h1>\n<h1 class=\"bis foodnature-h1\" style=\"text-align: center;\"><span style=\"color: #aa7607;\">FOOD<\/span><\/h1>\n<div class=\"food-p\" style=\"text-align: center;\"><span style=\"color: #4f4f4f;\">After a long day feeding our soul, we require healthy and delicious food for our body. At SUNSUNLOVE we offer <strong>delicious organic vegan food.<\/strong><\/span><\/div>\n<\/div>\n<p>[\/vc_column_text][\/vc_column][vc_column width=&#8221;1\/2&#8243;][vc_column_text css=&#8221;.vc_custom_1650385099187{margin-right: 64px !important;margin-left: 64px !important;}&#8221;]<\/p>\n<div class=\"foodnature-col left w-col w-col-6 w-preserve-3d\">\n<div class=\"foodnature-col right w-col w-col-6\" data-ix=\"new-interaction-2\">\n<h1 class=\"foodnature-h1\" style=\"text-align: center;\">INCREDIBLE<\/h1>\n<h1 class=\"bis foodnature-h1\" style=\"text-align: center;\"><span style=\"color: #aa7607;\">NATURE<\/span><\/h1>\n<div class=\"food-p\" style=\"text-align: center;\"><span style=\"color: #4f4f4f;\">Each Sunsunlove festival takes place in <strong>places surrounded by nature<\/strong>, whether in Catalonia, Mexico or India.<\/span><\/div>\n<\/div>\n<\/div>\n<p>[\/vc_column_text][\/vc_column][\/vc_row][vc_row full_width=&#8221;stretch_row_content&#8221; gap=&#8221;35&#8243; css=&#8221;.vc_custom_1637166272979{margin-bottom: -80px !important;background-color: #ffd76f !important;}&#8221;][vc_column][vc_empty_space height=&#8221;16px&#8221;][\/vc_column][\/vc_row][vc_row disable_element=&#8221;yes&#8221; css=&#8221;.vc_custom_1519665241234{padding-top: 30px !important;}&#8221;][vc_column width=&#8221;1\/4&#8243;][vc_single_image image=&#8221;491&#8243; add_caption=&#8221;yes&#8221; alignment=&#8221;center&#8221; style=&#8221;vc_box_border_circle&#8221; onclick=&#8221;custom_link&#8221; css_animation=&#8221;none&#8221; link=&#8221;http:%2F%2Fsunsunlove.com|&#8221; title=&#8221;Locations&#8221;][\/vc_column][vc_column width=&#8221;1\/2&#8243;][vc_row_inner][vc_column_inner width=&#8221;1\/3&#8243;][vc_single_image image=&#8221;498&#8243; img_size=&#8221;medium&#8221; alignment=&#8221;center&#8221; style=&#8221;vc_box_border_circle&#8221; onclick=&#8221;custom_link&#8221; css_animation=&#8221;none&#8221; title=&#8221;info@sunsunlove.com&#8221; link=&#8221;http:%2F%2Fsunsunlove.com|&#8221;][\/vc_column_inner][vc_column_inner width=&#8221;1\/3&#8243;][vc_single_image image=&#8221;287&#8243; img_size=&#8221;medium&#8221; alignment=&#8221;center&#8221; css_animation=&#8221;fadeIn&#8221;][\/vc_column_inner][vc_column_inner width=&#8221;1\/3&#8243;][vc_single_image image=&#8221;499&#8243; alignment=&#8221;center&#8221; style=&#8221;vc_box_border_circle&#8221; onclick=&#8221;custom_link&#8221; css_animation=&#8221;none&#8221; title=&#8221;+91 99435 96372&#8243; link=&#8221;http:%2F%2Fsunsunlove.com|&#8221;][\/vc_column_inner][\/vc_row_inner][\/vc_column][vc_column width=&#8221;1\/4&#8243;][vc_single_image image=&#8221;496&#8243; add_caption=&#8221;yes&#8221; alignment=&#8221;center&#8221; style=&#8221;vc_box_border_circle&#8221; onclick=&#8221;custom_link&#8221; css_animation=&#8221;none&#8221; link=&#8221;http:%2F%2Fmarca.es|&#8221; title=&#8221;@sunsunloveyogasolsticefest&#8221;][\/vc_column][\/vc_row]<\/p>\n<\/div>","protected":false},"excerpt":{"rendered":"<p>[vc_section full_width=&#8221;stretch_row_content&#8221; css=&#8221;.vc_custom_1650384879015{margin-top: -65px !important;}&#8221;][vc_row full_width=&#8221;stretch_row_content&#8221; css=&#8221;.vc_custom_1558081109749{margin-right: 0px !important;margin-left: 0px !important;background-color: #ffd66f !important;}&#8221;][vc_column][vc_empty_space][vc_column_text] This Summer Solstice of 2022, we celebrate SUNSUNLOVE YOGA SOLSTICE FEST in Mas Girc\u00f3s, Besal\u00fa [\/vc_column_text][vc_empty_space][\/vc_column][\/vc_row][vc_row content_placement=&#8221;bottom&#8221; parallax=&#8221;content-moving&#8221; parallax_image=&#8221;323&#8243; css=&#8221;.vc_custom_1517839512625{margin-right: 0px !important;margin-left: 0px !important;background-position: center;background-repeat: no-repeat;background-size:cover;}&#8221;][vc_column][vc_column_text] Sun Sun Love Yoga Solstice Fest is a celebration of life following the cycles of the [&hellip;]<\/p>\n","protected":false},"author":1,"featured_media":0,"parent":0,"menu_order":0,"comment_status":"closed","ping_status":"closed","template":"","meta":{"footnotes":""},"_links":{"self":[{"href":"https:\/\/sunsunlove.com\/en\/wp-json\/wp\/v2\/pages\/11914"}],"collection":[{"href":"https:\/\/sunsunlove.com\/en\/wp-json\/wp\/v2\/pages"}],"about":[{"href":"https:\/\/sunsunlove.com\/en\/wp-json\/wp\/v2\/types\/page"}],"author":[{"embeddable":true,"href":"https:\/\/sunsunlove.com\/en\/wp-json\/wp\/v2\/users\/1"}],"replies":[{"embeddable":true,"href":"https:\/\/sunsunlove.com\/en\/wp-json\/wp\/v2\/comments?post=11914"}],"version-history":[{"count":4,"href":"https:\/\/sunsunlove.com\/en\/wp-json\/wp\/v2\/pages\/11914\/revisions"}],"predecessor-version":[{"id":11919,"href":"https:\/\/sunsunlove.com\/en\/wp-json\/wp\/v2\/pages\/11914\/revisions\/11919"}],"wp:attachment":[{"href":"https:\/\/sunsunlove.com\/en\/wp-json\/wp\/v2\/media?parent=11914"}],"curies":[{"name":"wp","href":"https:\/\/api.w.org\/{rel}","templated":true}]}}